{"id":3,"date":"2023-01-18T15:51:45","date_gmt":"2023-01-18T15:51:45","guid":{"rendered":"https:\/\/www.theescortmanager.com\/?page_id=3"},"modified":"2023-03-01T16:24:45","modified_gmt":"2023-03-01T16:24:45","slug":"privacy-policy","status":"publish","type":"page","link":"https:\/\/www.theescortmanager.com\/index.php\/contact\/privacy-policy\/","title":{"rendered":"Terminos y Condiciones"},"content":{"rendered":"\n<p>Al aceptar nuestros t\u00e9rminos y condici\u00f3nes, tambi\u00e9n acepta que:<\/p>\n\n\n\n<p>Tiene al menos 18 a\u00f1os (o la edad legal en la jurisdicci\u00f3n en la que se encuentra actualmente), tiene el derecho legal de poseer y\/o leer material para adultos en su comunidad y no permitir\u00e1 que ning\u00fan menor vea ning\u00fan material que encuentre. aqu\u00ed. Usted acepta y confirma que su uso de este sitio web cumple con las leyes de la(s) jurisdicci\u00f3n(es) a las que est\u00e1 sujeto, y que no tiene prohibido usar este sitio web debido a ninguna restricci\u00f3n, incluida cualquier restricci\u00f3n de edad. <\/p>\n\n\n\n<p>Usted comprende que si utiliza estos servicios en violaci\u00f3n de este acuerdo, comprende que puede estar violando las leyes locales y federales.<\/p>\n\n\n\n<h2 class=\"wp-block-heading\">Descarga de Responsabilidad<\/h2>\n\n\n\n<p><strong>www.theescortmanager.com<\/strong> tiene informacion sensible y contenido grafico no apto para menores de edad. Si tu no tienes la edad requerida para ser legalmente mayor de edad en tu pais o te sientes ofendido por las paginas para adultos, por favor abstengase de entrar en nuestro sitio. Si escoges continuar en nuestro sitio, descargas y liberas al propietario del sitio, a sus creadores, administradores y hosting de cualquier responsabilidad que pueda surgir por le uso del sitio web.<\/p>\n\n\n\n<h2 class=\"wp-block-heading\">Sobre nosotros<\/h2>\n\n\n\n<p>Por favor tener en cuenta que en ningun momento ofrecemos un empleo o trabajo, NO somos una agencia. Todas las escort trabajan independientemente o freelancer. Ellas actuan en su propio nombre  y bajo su propia cuenta y responsabilidad. Ning\u00fan tipo de contrato resultar\u00e1 por utilizar nuestros canales de comunicaci\u00f3n . Nuestro servicio se centra en ofrecer al trabajador independiente o freelance los medios, asistencia y asesor\u00eda solicitados por este mismo para desempe\u00f1ar su funci\u00f3n.<\/p>\n\n\n\n<h2 class=\"wp-block-heading\">Uso Aceptable del Sitio<\/h2>\n\n\n\n<p>No debe usar nuestro sitio web de ninguna manera que cause, o pueda causar, da\u00f1o al sitio web o deterioro de la disponibilidad o accesibilidad del sitio web; o de cualquier forma que sea il\u00edcita, ilegal, fraudulenta o da\u00f1ina, o en relaci\u00f3n con cualquier prop\u00f3sito o actividad il\u00edcita, ilegal, fraudulenta o da\u00f1ina.<\/p>\n\n\n\n<p>No debe usar nuestro sitio web para copiar, almacenar, hospedar, transmitir, enviar, usar, publicar o distribuir ning\u00fan material que consista en (o est\u00e9 vinculado a) spyware, virus inform\u00e1ticos, caballos de Troya, gusanos, registradores de pulsaciones de teclas, rootkits u otros software inform\u00e1tico malicioso<\/p>\n\n\n\n<p>No debe realizar ninguna actividad de recopilaci\u00f3n de datos sistem\u00e1tica o automatizada (incluidos, entre otros, el raspado, la miner\u00eda de datos, la extracci\u00f3n de datos y la recolecci\u00f3n de datos) en o en relaci\u00f3n con nuestro sitio web sin nuestro consentimiento expreso por escrito.<\/p>\n\n\n\n<p>No debe utilizar nuestro sitio web para fines relacionados con el marketing sin nuestro consentimiento expreso por escrito.<\/p>\n\n\n\n<h2 class=\"wp-block-heading\">Reporte de Trata de Personas<\/h2>\n\n\n\n<p><strong>www.theescortmanager.com<\/strong> est\u00e1 totalmente comprometido con crear conciencia sobre el problema de la trata de personas y se involucra en las mejores pr\u00e1cticas y la defensa. En el caso de que nos demos cuenta de cualquier incidente de trata, cooperamos con entusiasmo con las fuerzas del orden y las agencias involucradas en la lucha contra el abuso de los derechos humanos. Escorts Manager tiene una pol\u00edtica de tolerancia cero para la pornograf\u00eda infantil o la publicidad de menores o el uso de nuestro sitio.<\/p>\n\n\n\n<p>Informe cualquier sospecha de explotaci\u00f3n sexual de menores y\/o trata de personas a las autoridades correspondientes.<\/p>\n","protected":false},"excerpt":{"rendered":"<p>Al aceptar nuestros t\u00e9rminos y condici\u00f3nes, tambi\u00e9n acepta que: Tiene al menos 18 a\u00f1os (o la edad legal en la jurisdicci\u00f3n en la que se encuentra actualmente), tiene el derecho legal de poseer y\/o leer material para adultos en su comunidad y no permitir\u00e1 que ning\u00fan menor vea ning\u00fan material que encuentre. aqu\u00ed. Usted acepta&#8230;<\/p>\n","protected":false},"author":1,"featured_media":0,"parent":16,"menu_order":0,"comment_status":"closed","ping_status":"closed","template":"","meta":{"_kadence_starter_templates_imported_post":false,"_kad_post_transparent":"enable","_kad_post_title":"default","_kad_post_layout":"narrow","_kad_post_sidebar_id":"","_kad_post_content_style":"","_kad_post_vertical_padding":"","_kad_post_feature":"","_kad_post_feature_position":"","_kad_post_header":false,"_kad_post_footer":true,"_joinchat":[],"footnotes":""},"class_list":["post-3","page","type-page","status-publish","hentry"],"_links":{"self":[{"href":"https:\/\/www.theescortmanager.com\/index.php\/wp-json\/wp\/v2\/pages\/3","targetHints":{"allow":["GET"]}}],"collection":[{"href":"https:\/\/www.theescortmanager.com\/index.php\/wp-json\/wp\/v2\/pages"}],"about":[{"href":"https:\/\/www.theescortmanager.com\/index.php\/wp-json\/wp\/v2\/types\/page"}],"author":[{"embeddable":true,"href":"https:\/\/www.theescortmanager.com\/index.php\/wp-json\/wp\/v2\/users\/1"}],"replies":[{"embeddable":true,"href":"https:\/\/www.theescortmanager.com\/index.php\/wp-json\/wp\/v2\/comments?post=3"}],"version-history":[{"count":9,"href":"https:\/\/www.theescortmanager.com\/index.php\/wp-json\/wp\/v2\/pages\/3\/revisions"}],"predecessor-version":[{"id":1940,"href":"https:\/\/www.theescortmanager.com\/index.php\/wp-json\/wp\/v2\/pages\/3\/revisions\/1940"}],"up":[{"embeddable":true,"href":"https:\/\/www.theescortmanager.com\/index.php\/wp-json\/wp\/v2\/pages\/16"}],"wp:attachment":[{"href":"https:\/\/www.theescortmanager.com\/index.php\/wp-json\/wp\/v2\/media?parent=3"}],"curies":[{"name":"wp","href":"https:\/\/api.w.org\/{rel}","templated":true}]}}